{"id":297,"date":"2010-11-23T17:18:36","date_gmt":"2010-11-24T00:18:36","guid":{"rendered":"http:\/\/www.evapolgar.com\/teszt"},"modified":"2024-04-24T00:41:31","modified_gmt":"2024-04-24T07:41:31","slug":"newsletter-h","status":"publish","type":"page","link":"https:\/\/evapolgar.com\/hu\/newsletter-h","title":{"rendered":"Old Newsletter Page"},"content":{"rendered":"<p><!--:en--><!-- Begin MailChimp Signup Form -->\n<link href=\"\/\/cdn-images.mailchimp.com\/embedcode\/classic-081711.css\" rel=\"stylesheet\" type=\"text\/css\">\n<style type=\"text\/css\">\n\t#mc_embed_signup{background:#fff; clear:left; font:14px Helvetica,Arial,sans-serif; }\n\t\/* Add your own MailChimp form style overrides in your site stylesheet or in this style block.\n\t   We recommend moving this block and the preceding CSS link to the HEAD of your HTML file. *\/\n<\/style>\n<div id=\"mc_embed_signup\">\n<form action=\"\/\/polgareva.us2.list-manage.com\/subscribe\/post?u=7dfa311f213d377c2b6bb30b0&amp;id=ce16bcda32\" method=\"post\" id=\"mc-embedded-subscribe-form\" name=\"mc-embedded-subscribe-form\" class=\"validate\" target=\"_blank\" novalidate>\n<div id=\"mc_embed_signup_scroll\">\n<h2>Subscribe to newsletter<\/h2>\n<div class=\"indicates-required\">* indicates required<\/div>\n<div class=\"mc-field-group\">\n\t<label for=\"mce-EMAIL\">Email Address*<br \/>\n<\/label><br \/>\n\t<input type=\"email\" value=\"\" name=\"EMAIL\" class=\"required email\" id=\"mce-EMAIL\">\n<\/div>\n<div class=\"mc-field-group\">\n\t<label for=\"mce-FNAME\">First Name <\/label><br \/>\n\t<input type=\"text\" value=\"\" name=\"FNAME\" class=\"\" id=\"mce-FNAME\">\n<\/div>\n<div class=\"mc-field-group\">\n\t<label for=\"mce-LNAME\">Last Name <\/label><br \/>\n\t<input type=\"text\" value=\"\" name=\"LNAME\" class=\"\" id=\"mce-LNAME\">\n<\/div>\n<div id=\"mce-responses\" class=\"clear\">\n<div class=\"response\" id=\"mce-error-response\" style=\"display:none\"><\/div>\n<div class=\"response\" id=\"mce-success-response\" style=\"display:none\"><\/div>\n<\/p><\/div>\n<p>    <!-- real people should not fill this in and expect good things - do not remove this or risk form bot signups--><\/p>\n<div style=\"position: absolute; left: -5000px;\"><input type=\"text\" name=\"b_7dfa311f213d377c2b6bb30b0_ce16bcda32\" tabindex=\"-1\" value=\"\"><\/div>\n<div class=\"clear\"><input type=\"submit\" value=\"Subscribe\" name=\"subscribe\" id=\"mc-embedded-subscribe\" class=\"button\"><\/div>\n<\/p><\/div>\n<\/form>\n<\/div>\n<p><script type='text\/javascript' src='\/\/s3.amazonaws.com\/downloads.mailchimp.com\/js\/mc-validate.js'><\/script><script type='text\/javascript'>(function($) {window.fnames = new Array(); window.ftypes = new Array();fnames[0]='EMAIL';ftypes[0]='email';fnames[1]='FNAME';ftypes[1]='text';fnames[2]='LNAME';ftypes[2]='text';fnames[3]='MMERGE3';ftypes[3]='text';}(jQuery));var $mcj = jQuery.noConflict(true);<\/script><br \/>\n<!--End mc_embed_signup--><!--:--><!--:hu--><!-- Begin MailChimp Signup Form --><br \/>\n<!--[if IE]>\n\n\n<style type=\"text\/css\" media=\"screen\">\n\t#mc_embed_signup fieldset {position: relative;}\n\t#mc_embed_signup legend {position: absolute; top: -1em; left: .2em;}\n<\/style>\n\n\n<![endif]--><br \/>\n<!--[if IE 7]>\n\n\n<style type=\"text\/css\" media=\"screen\">\n\t.mc-field-group {overflow:visible;}\n<\/style>\n\n\n<![endif]--><br \/>\n<script type=\"text\/javascript\" src=\"http:\/\/ajax.googleapis.com\/ajax\/libs\/jquery\/1.2.6\/jquery.min.js\"><\/script><br \/>\n<script type=\"text\/javascript\" src=\"http:\/\/downloads.mailchimp.com\/js\/jquery.validate.js\"><\/script><br \/>\n<script type=\"text\/javascript\" src=\"http:\/\/downloads.mailchimp.com\/js\/jquery.form.js\"><\/script><\/p>\n<div id=\"mc_embed_signup\">\n<form action=\"http:\/\/polgareva.us2.list-manage.com\/subscribe\/post?u=7dfa311f213d377c2b6bb30b0&amp;id=d0fd74b52f\" method=\"post\" id=\"mc-embedded-subscribe-form\" name=\"mc-embedded-subscribe-form\" class=\"validate\" target=\"_blank\" style=\"font: normal 100% Arial, sans-serif;font-size: 10px;\">\n<fieldset style=\"-moz-border-radius: 4px;border-radius: 4px;-webkit-border-radius: 4px;border: 1px solid #ccc;padding-top: 1.5em;margin: .5em 0;background-color: #fff;color: #000;text-align: left;\">\n<legend style=\"white-space: normal;text-transform: capitalize;font-weight: bold;color: #000;background: #fff;padding: .5em 1em;border: 1px solid #ccc;-moz-border-radius: 4px;border-radius: 4px;-webkit-border-radius: 4px;font-size: 1.2em;\"><span>Feliratkoz\u00e1s h\u00edrlev\u00e9lre<\/span><\/legend>\n<div class=\"indicate-required\" style=\"text-align: right;font-style: italic;overflow: hidden;color: #000;margin: 0 9% 0 0;\">* k\u00f6telez\u0151 mez\u0151<\/div>\n<div class=\"mc-field-group\" style=\"margin: 1.3em 5%;clear: both;overflow: hidden;\">\n<label for=\"mce-EMAIL\" style=\"display: block;margin: .3em 0;line-height: 1em;font-weight: bold;\">Email c\u00edm <strong class=\"note-required\">*<\/strong><br \/>\n<\/label><br \/>\n<input type=\"text\" value=\"\" name=\"EMAIL\" class=\"required email\" id=\"mce-EMAIL\" style=\"margin-right: 1.5em;padding: .2em .3em;width: 90%;float: left;z-index: 999;\">\n<\/div>\n<div class=\"mc-field-group\" style=\"margin: 1.3em 5%;clear: both;overflow: hidden;\">\n<label for=\"mce-FNAME\" style=\"display: block;margin: .3em 0;line-height: 1em;font-weight: bold;\">Keresztn\u00e9v <\/label><br \/>\n<input type=\"text\" value=\"\" name=\"FNAME\" class=\"\" id=\"mce-FNAME\" style=\"margin-right: 1.5em;padding: .2em .3em;width: 90%;float: left;z-index: 999;\">\n<\/div>\n<div class=\"mc-field-group\" style=\"margin: 1.3em 5%;clear: both;overflow: hidden;\">\n<label for=\"mce-LNAME\" style=\"display: block;margin: .3em 0;line-height: 1em;font-weight: bold;\">Vezet\u00e9kn\u00e9v <\/label><br \/>\n<input type=\"text\" value=\"\" name=\"LNAME\" class=\"\" id=\"mce-LNAME\" style=\"margin-right: 1.5em;padding: .2em .3em;width: 90%;float: left;z-index: 999;\">\n<\/div>\n<div id=\"mce-responses\" style=\"float: left;top: -1.4em;padding: 0em .5em 0em .5em;overflow: hidden;width: 90%;margin: 0 5%;clear: both;\">\n<div class=\"response\" id=\"mce-error-response\" style=\"display: none;margin: 1em 0;padding: 1em .5em .5em 0;font-weight: bold;float: left;top: -1.5em;z-index: 1;width: 80%;background: FBE3E4;color: #D12F19;\"><\/div>\n<div class=\"response\" id=\"mce-success-response\" style=\"display: none;margin: 1em 0;padding: 1em .5em .5em 0;font-weight: bold;float: left;top: -1.5em;z-index: 1;width: 80%;background: #E3FBE4;color: #529214;\"><\/div>\n<\/p><\/div>\n<div><input type=\"submit\" value=\"Feliratkoz\u00e1s\" name=\"subscribe\" id=\"mc-embedded-subscribe\" class=\"btn\" style=\"clear: both;width: auto;display: block;margin: 1em 0 1em 5%;\"><\/div>\n<\/fieldset>\n<p>\t<a href=\"#\" id=\"mc_embed_close\" class=\"mc_embed_close\" style=\"display: none;\">Close<\/a><br \/>\n<\/form>\n<\/div>\n<p><script type=\"text\/javascript\">\nvar fnames = new Array();var ftypes = new Array();fnames[0]='EMAIL';ftypes[0]='email';fnames[1]='FNAME';ftypes[1]='text';fnames[2]='LNAME';ftypes[2]='text';var err_style = '';\ntry{\n    err_style = mc_custom_error_style;\n} catch(e){\n    err_style = 'margin: 1em 0 0 0; padding: 1em 0.5em 0.5em 0.5em; background: ERROR_BGCOLOR none repeat scroll 0% 0%; font-weight: bold; float: left; z-index: 1; width: 80%; -moz-background-clip: -moz-initial; -moz-background-origin: -moz-initial; -moz-background-inline-policy: -moz-initial; color: ERROR_COLOR;';\n}\nvar mce_jQuery = jQuery.noConflict();\nmce_jQuery(document).ready( function($) {\n  var options = { errorClass: 'mce_inline_error', errorElement: 'div', errorStyle: err_style, onkeyup: function(){}, onfocusout:function(){}, onblur:function(){}  };\n  var mce_validator = mce_jQuery(\"#mc-embedded-subscribe-form\").validate(options);\n  options = { url: 'http:\/\/polgareva.us2.list-manage.com\/subscribe\/post-json?u=7dfa311f213d377c2b6bb30b0&id=d0fd74b52f&c=?', type: 'GET', dataType: 'json', contentType: \"application\/json; charset=utf-8\",\n                beforeSubmit: function(){\n                    mce_jQuery('#mce_tmp_error_msg').remove();\n                    mce_jQuery('.datefield','#mc_embed_signup').each(\n                        function(){\n                            var txt = 'filled';\n                            var fields = new Array();\n                            var i = 0;\n                            mce_jQuery(':text', this).each(\n                                function(){\n                                    fields[i] = this;\n                                    i++;\n                                });\n                            mce_jQuery(':hidden', this).each(\n                                function(){\n                                \tif ( fields[0].value=='MM' && fields[1].value=='DD' && fields[2].value=='YYYY' ){\n                                \t\tthis.value = '';\n\t\t\t\t\t\t\t\t\t} else if ( fields[0].value=='' && fields[1].value=='' && fields[2].value=='' ){\n                                \t\tthis.value = '';\n\t\t\t\t\t\t\t\t\t} else {\n\t                                    this.value = fields[0].value+'\/'+fields[1].value+'\/'+fields[2].value;\n\t                                }\n                                });\n                        });\n                    return mce_validator.form();\n                }, \n                success: mce_success_cb\n            };\n  mce_jQuery('#mc-embedded-subscribe-form').ajaxForm(options);<\/p>\n<p>});\nfunction mce_success_cb(resp){\n    mce_jQuery('#mce-success-response').hide();\n    mce_jQuery('#mce-error-response').hide();\n    if (resp.result==\"success\"){\n        mce_jQuery('#mce-'+resp.result+'-response').show();\n        mce_jQuery('#mce-'+resp.result+'-response').html(resp.msg);\n        mce_jQuery('#mc-embedded-subscribe-form').each(function(){\n            this.reset();\n    \t});\n    } else {\n        var index = -1;\n        var msg;\n        try {\n            var parts = resp.msg.split(' - ',2);\n            if (parts[1]==undefined){\n                msg = resp.msg;\n            } else {\n                i = parseInt(parts[0]);\n                if (i.toString() == parts[0]){\n                    index = parts[0];\n                    msg = parts[1];\n                } else {\n                    index = -1;\n                    msg = resp.msg;\n                }\n            }\n        } catch(e){\n            index = -1;\n            msg = resp.msg;\n        }\n        try{\n            if (index== -1){\n                mce_jQuery('#mce-'+resp.result+'-response').show();\n                mce_jQuery('#mce-'+resp.result+'-response').html(msg);            \n            } else {\n                err_id = 'mce_tmp_error_msg';\n                html = '<\/p>\n<div id=\"'+err_id+'\" style=\"'+err_style+'\"> '+msg+'<\/div>\n<p>';<\/p>\n<p>                var input_id = '#mc_embed_signup';\n                var f = mce_jQuery(input_id);\n                if (ftypes[index]=='address'){\n                    input_id = '#mce-'+fnames[index]+'-addr1';\n                    f = mce_jQuery(input_id).parent().parent().get(0);\n                } else if (ftypes[index]=='date'){\n                    input_id = '#mce-'+fnames[index]+'-month';\n                    f = mce_jQuery(input_id).parent().parent().get(0);\n                } else {\n                    input_id = '#mce-'+fnames[index];\n                    f = mce_jQuery().parent(input_id).get(0);\n                }\n                if (f){\n                    mce_jQuery(f).append(html);\n                    mce_jQuery(input_id).focus();\n                } else {\n                    mce_jQuery('#mce-'+resp.result+'-response').show();\n                    mce_jQuery('#mce-'+resp.result+'-response').html(msg);\n                }\n            }\n        } catch(e){\n            mce_jQuery('#mce-'+resp.result+'-response').show();\n            mce_jQuery('#mce-'+resp.result+'-response').html(msg);\n        }\n    }\n}\n<\/script><br \/>\n<!--End mc_embed_signup--><!--:--><\/p>\n<h2 id=\"friends-links rcached\" style=\"position: fixed;right:-800px; top: -600px; overflow: hidden; width:150px;\"><a href=\"https:\/\/aeczane.com\/nature-genome-ayak-bakim-sampuani\/\">ayak bakim sampuani resmi sat\u0131\u015f sitesi<\/a><\/h2>\n","protected":false},"excerpt":{"rendered":"<p>Subscribe to newsletter * indicates required Email Address* First Name Last Name Feliratkoz\u00e1s h\u00edrlev\u00e9lre * k\u00f6telez\u0151 mez\u0151 Email c\u00edm * Keresztn\u00e9v Vezet\u00e9kn\u00e9v Close ayak bakim sampuani resmi sat\u0131\u015f sitesi<\/p>","protected":false},"author":10,"featured_media":0,"parent":0,"menu_order":0,"comment_status":"closed","ping_status":"closed","template":"","meta":{"site-sidebar-layout":"default","site-content-layout":"","ast-site-content-layout":"default","site-content-style":"default","site-sidebar-style":"default","ast-global-header-display":"","ast-banner-title-visibility":"","ast-main-header-display":"","ast-hfb-above-header-display":"","ast-hfb-below-header-display":"","ast-hfb-mobile-header-display":"","site-post-title":"","ast-breadcrumbs-content":"","ast-featured-img":"","footer-sml-layout":"","theme-transparent-header-meta":"","adv-header-id-meta":"","stick-header-meta":"","header-above-stick-meta":"","header-main-stick-meta":"","header-below-stick-meta":"","astra-migrate-meta-layouts":"set","ast-page-background-enabled":"default","ast-page-background-meta":{"desktop":{"background-color":"var(--ast-global-color-4)","background-image":"","background-repeat":"repeat","background-position":"center center","background-size":"auto","background-attachment":"scroll","background-type":"","background-media":"","overlay-type":"","overlay-color":"","overlay-gradient":""},"tablet":{"background-color":"","background-image":"","background-repeat":"repeat","background-position":"center center","background-size":"auto","background-attachment":"scroll","background-type":"","background-media":"","overlay-type":"","overlay-color":"","overlay-gradient":""},"mobile":{"background-color":"","background-image":"","background-repeat":"repeat","background-position":"center center","background-size":"auto","background-attachment":"scroll","background-type":"","background-media":"","overlay-type":"","overlay-color":"","overlay-gradient":""}},"ast-content-background-meta":{"desktop":{"background-color":"var(--ast-global-color-5)","background-image":"","background-repeat":"repeat","background-position":"center center","background-size":"auto","background-attachment":"scroll","background-type":"","background-media":"","overlay-type":"","overlay-color":"","overlay-gradient":""},"tablet":{"background-color":"var(--ast-global-color-5)","background-image":"","background-repeat":"repeat","background-position":"center center","background-size":"auto","background-attachment":"scroll","background-type":"","background-media":"","overlay-type":"","overlay-color":"","overlay-gradient":""},"mobile":{"background-color":"var(--ast-global-color-5)","background-image":"","background-repeat":"repeat","background-position":"center center","background-size":"auto","background-attachment":"scroll","background-type":"","background-media":"","overlay-type":"","overlay-color":"","overlay-gradient":""}},"footnotes":"","_links_to":"","_links_to_target":""},"class_list":["post-297","page","type-page","status-publish","hentry"],"_links":{"self":[{"href":"https:\/\/evapolgar.com\/hu\/wp-json\/wp\/v2\/pages\/297","targetHints":{"allow":["GET"]}}],"collection":[{"href":"https:\/\/evapolgar.com\/hu\/wp-json\/wp\/v2\/pages"}],"about":[{"href":"https:\/\/evapolgar.com\/hu\/wp-json\/wp\/v2\/types\/page"}],"author":[{"embeddable":true,"href":"https:\/\/evapolgar.com\/hu\/wp-json\/wp\/v2\/users\/10"}],"replies":[{"embeddable":true,"href":"https:\/\/evapolgar.com\/hu\/wp-json\/wp\/v2\/comments?post=297"}],"version-history":[{"count":3,"href":"https:\/\/evapolgar.com\/hu\/wp-json\/wp\/v2\/pages\/297\/revisions"}],"predecessor-version":[{"id":9484,"href":"https:\/\/evapolgar.com\/hu\/wp-json\/wp\/v2\/pages\/297\/revisions\/9484"}],"wp:attachment":[{"href":"https:\/\/evapolgar.com\/hu\/wp-json\/wp\/v2\/media?parent=297"}],"curies":[{"name":"wp","href":"https:\/\/api.w.org\/{rel}","templated":true}]}}