{"id":986,"date":"2020-07-30T15:18:34","date_gmt":"2020-07-30T22:18:34","guid":{"rendered":"https:\/\/evapolgar.com\/?page_id=986"},"modified":"2024-04-26T14:51:26","modified_gmt":"2024-04-26T21:51:26","slug":"gallery","status":"publish","type":"page","link":"https:\/\/evapolgar.com\/hu\/gallery","title":{"rendered":"K\u00e9pgal\u00e9ria"},"content":{"rendered":"<div data-elementor-type=\"wp-post\" data-elementor-id=\"986\" class=\"elementor elementor-986\">\n\t\t\t\t\t\t<section class=\"elementor-section elementor-top-section elementor-element elementor-element-1b9881d elementor-section-boxed elementor-section-height-default elementor-section-height-default\" data-id=\"1b9881d\" data-element_type=\"section\" data-e-type=\"section\">\n\t\t\t\t\t\t<div class=\"elementor-container elementor-column-gap-default\">\n\t\t\t\t\t<div class=\"elementor-column elementor-col-100 elementor-top-column elementor-element elementor-element-b9d927d\" data-id=\"b9d927d\" data-element_type=\"column\" data-e-type=\"column\">\n\t\t\t<div class=\"elementor-widget-wrap elementor-element-populated\">\n\t\t\t\t\t\t<div class=\"elementor-element elementor-element-8e5b204 page-title elementor-invisible elementor-widget elementor-widget-heading\" data-id=\"8e5b204\" data-element_type=\"widget\" data-e-type=\"widget\" data-settings=\"{&quot;_animation&quot;:&quot;fadeInDown&quot;}\" data-widget_type=\"heading.default\">\n\t\t\t\t<div class=\"elementor-widget-container\">\n\t\t\t\t\t<h1 class=\"elementor-heading-title elementor-size-default\">K\u00e9pgal\u00e9ria<\/h1>\t\t\t\t<\/div>\n\t\t\t\t<\/div>\n\t\t\t\t<div class=\"elementor-element elementor-element-867d170 elementor-widget-divider--view-line_text elementor-widget-divider--element-align-center elementor-invisible elementor-widget elementor-widget-divider\" data-id=\"867d170\" data-element_type=\"widget\" data-e-type=\"widget\" data-settings=\"{&quot;_animation&quot;:&quot;zoomIn&quot;}\" data-widget_type=\"divider.default\">\n\t\t\t\t<div class=\"elementor-widget-container\">\n\t\t\t\t\t\t\t<div class=\"elementor-divider\">\n\t\t\t<span class=\"elementor-divider-separator\">\n\t\t\t\t\t\t\t<span class=\"elementor-divider__text elementor-divider__element\">\n\t\t\t\t\u2022\t\t\t\t<\/span>\n\t\t\t\t\t\t<\/span>\n\t\t<\/div>\n\t\t\t\t\t\t<\/div>\n\t\t\t\t<\/div>\n\t\t\t\t<div class=\"elementor-element elementor-element-afecb06 elementor-invisible elementor-widget elementor-widget-heading\" data-id=\"afecb06\" data-element_type=\"widget\" data-e-type=\"widget\" data-settings=\"{&quot;_animation&quot;:&quot;fadeInLeft&quot;}\" data-widget_type=\"heading.default\">\n\t\t\t\t<div class=\"elementor-widget-container\">\n\t\t\t\t\t<h2 class=\"elementor-heading-title elementor-size-default\">Headshots<\/h2>\t\t\t\t<\/div>\n\t\t\t\t<\/div>\n\t\t\t\t<div class=\"elementor-element elementor-element-386a6da elementor-invisible elementor-widget elementor-widget-image-gallery\" data-id=\"386a6da\" data-element_type=\"widget\" data-e-type=\"widget\" data-settings=\"{&quot;_animation&quot;:&quot;fadeIn&quot;}\" data-widget_type=\"image-gallery.default\">\n\t\t\t\t<div class=\"elementor-widget-container\">\n\t\t\t\t\t\t\t<div class=\"elementor-image-gallery\">\n\t\t\t<div id='gallery-1' class='gallery galleryid-986 gallery-columns-4 gallery-size-thumbnail'><figure class='gallery-item'>\n\t\t\t<div class='gallery-icon landscape'>\n\t\t\t\t<a data-elementor-open-lightbox=\"yes\" data-elementor-lightbox-slideshow=\"386a6da\" data-elementor-lightbox-title=\"EvaPolgar_047\" data-e-action-hash=\"#elementor-action%3Aaction%3Dlightbox%26settings%3DeyJpZCI6NDgyLCJ1cmwiOiJodHRwczpcL1wvZXZhcG9sZ2FyLmNvbVwvd3AtY29udGVudFwvdXBsb2Fkc1wvMjAxNVwvMDdcL0V2YVBvbGdhcl8wNDctZTE0MzU3MjEwODI5MDAuanBnIiwic2xpZGVzaG93IjoiMzg2YTZkYSJ9\" href='https:\/\/evapolgar.com\/wp-content\/uploads\/2015\/07\/EvaPolgar_047-e1435721082900.jpg'><img decoding=\"async\" width=\"150\" height=\"150\" src=\"https:\/\/evapolgar.com\/wp-content\/uploads\/2015\/07\/EvaPolgar_047-e1435721082900-150x150.jpg\" class=\"attachment-thumbnail size-thumbnail\" alt=\"\" \/><\/a>\n\t\t\t<\/div><\/figure><figure class='gallery-item'>\n\t\t\t<div class='gallery-icon portrait'>\n\t\t\t\t<a data-elementor-open-lightbox=\"yes\" data-elementor-lightbox-slideshow=\"386a6da\" data-elementor-lightbox-title=\"EvaPolgar_011\" data-e-action-hash=\"#elementor-action%3Aaction%3Dlightbox%26settings%3DeyJpZCI6NDgxLCJ1cmwiOiJodHRwczpcL1wvZXZhcG9sZ2FyLmNvbVwvd3AtY29udGVudFwvdXBsb2Fkc1wvMjAxNVwvMDdcL0V2YVBvbGdhcl8wMTEuanBnIiwic2xpZGVzaG93IjoiMzg2YTZkYSJ9\" href='https:\/\/evapolgar.com\/wp-content\/uploads\/2015\/07\/EvaPolgar_011.jpg'><img decoding=\"async\" width=\"150\" height=\"150\" src=\"https:\/\/evapolgar.com\/wp-content\/uploads\/2015\/07\/EvaPolgar_011-150x150.jpg\" class=\"attachment-thumbnail size-thumbnail\" alt=\"\" \/><\/a>\n\t\t\t<\/div><\/figure><figure class='gallery-item'>\n\t\t\t<div class='gallery-icon landscape'>\n\t\t\t\t<a data-elementor-open-lightbox=\"yes\" data-elementor-lightbox-slideshow=\"386a6da\" data-elementor-lightbox-title=\"EPolgar_15Aug0032H\" data-e-action-hash=\"#elementor-action%3Aaction%3Dlightbox%26settings%3DeyJpZCI6NjE1LCJ1cmwiOiJodHRwczpcL1wvZXZhcG9sZ2FyLmNvbVwvd3AtY29udGVudFwvdXBsb2Fkc1wvMjAxN1wvMDhcL0VQb2xnYXJfMTVBdWcwMDMySC5qcGciLCJzbGlkZXNob3ciOiIzODZhNmRhIn0%3D\" href='https:\/\/evapolgar.com\/wp-content\/uploads\/2017\/08\/EPolgar_15Aug0032H.jpg'><img decoding=\"async\" width=\"150\" height=\"150\" src=\"https:\/\/evapolgar.com\/wp-content\/uploads\/2017\/08\/EPolgar_15Aug0032H-150x150.jpg\" class=\"attachment-thumbnail size-thumbnail\" alt=\"\" \/><\/a>\n\t\t\t<\/div><\/figure>\n\t\t<\/div>\n\t\t<\/div>\n\t\t\t\t\t\t<\/div>\n\t\t\t\t<\/div>\n\t\t\t\t<div class=\"elementor-element elementor-element-436a0f2 elementor-invisible elementor-widget elementor-widget-heading\" data-id=\"436a0f2\" data-element_type=\"widget\" data-e-type=\"widget\" data-settings=\"{&quot;_animation&quot;:&quot;fadeInLeft&quot;}\" data-widget_type=\"heading.default\">\n\t\t\t\t<div class=\"elementor-widget-container\">\n\t\t\t\t\t<h2 class=\"elementor-heading-title elementor-size-default\">Concerts<\/h2>\t\t\t\t<\/div>\n\t\t\t\t<\/div>\n\t\t\t\t<div class=\"elementor-element elementor-element-39cd356 gallery-spacing-custom elementor-invisible elementor-widget elementor-widget-image-gallery\" data-id=\"39cd356\" data-element_type=\"widget\" data-e-type=\"widget\" data-settings=\"{&quot;_animation&quot;:&quot;fadeIn&quot;}\" data-widget_type=\"image-gallery.default\">\n\t\t\t\t<div class=\"elementor-widget-container\">\n\t\t\t\t\t\t\t<div class=\"elementor-image-gallery\">\n\t\t\t<div id='gallery-2' class='gallery galleryid-986 gallery-columns-4 gallery-size-thumbnail'><figure class='gallery-item'>\n\t\t\t<div class='gallery-icon landscape'>\n\t\t\t\t<a data-elementor-open-lightbox=\"yes\" data-elementor-lightbox-slideshow=\"39cd356\" data-elementor-lightbox-title=\"Bishop&#039;s Palace, V\u00e1c, 2009 September\" data-e-action-hash=\"#elementor-action%3Aaction%3Dlightbox%26settings%3DeyJpZCI6MTM1LCJ1cmwiOiJodHRwczpcL1wvZXZhcG9sZ2FyLmNvbVwvd3AtY29udGVudFwvdXBsb2Fkc1wvMjAxMFwvMDZcLzAzNy1zY2FsZWQuanBnIiwic2xpZGVzaG93IjoiMzljZDM1NiJ9\" href='https:\/\/evapolgar.com\/wp-content\/uploads\/2010\/06\/037-scaled.jpg'><img loading=\"lazy\" decoding=\"async\" width=\"150\" height=\"150\" src=\"https:\/\/evapolgar.com\/wp-content\/uploads\/2010\/06\/037-150x150.jpg\" class=\"attachment-thumbnail size-thumbnail\" alt=\"\" \/><\/a>\n\t\t\t<\/div><\/figure><figure class='gallery-item'>\n\t\t\t<div class='gallery-icon landscape'>\n\t\t\t\t<a data-elementor-open-lightbox=\"yes\" data-elementor-lightbox-slideshow=\"39cd356\" data-elementor-lightbox-title=\"WineTime Wine Club, Budapest, 2010\" data-e-action-hash=\"#elementor-action%3Aaction%3Dlightbox%26settings%3DeyJpZCI6MTYyLCJ1cmwiOiJodHRwczpcL1wvZXZhcG9sZ2FyLmNvbVwvd3AtY29udGVudFwvdXBsb2Fkc1wvMjAxMFwvMDZcL0d1bmRlbC1HYVx1MDBlMWwtV1x1MDBlOWJlci1Qb2xnXHUwMGUxci5qcGciLCJzbGlkZXNob3ciOiIzOWNkMzU2In0%3D\" href='https:\/\/evapolgar.com\/wp-content\/uploads\/2010\/06\/Gundel-Ga\u00e1l-W\u00e9ber-Polg\u00e1r.jpg'><img loading=\"lazy\" decoding=\"async\" width=\"150\" height=\"150\" src=\"https:\/\/evapolgar.com\/wp-content\/uploads\/2010\/06\/Gundel-Ga\u00e1l-W\u00e9ber-Polg\u00e1r-150x150.jpg\" class=\"attachment-thumbnail size-thumbnail\" alt=\"\" \/><\/a>\n\t\t\t<\/div><\/figure><figure class='gallery-item'>\n\t\t\t<div class='gallery-icon landscape'>\n\t\t\t\t<a data-elementor-open-lightbox=\"yes\" data-elementor-lightbox-slideshow=\"39cd356\" data-elementor-lightbox-title=\"WineTime Wine Club, Budapest, 2010\" data-e-action-hash=\"#elementor-action%3Aaction%3Dlightbox%26settings%3DeyJpZCI6MTYxLCJ1cmwiOiJodHRwczpcL1wvZXZhcG9sZ2FyLmNvbVwvd3AtY29udGVudFwvdXBsb2Fkc1wvMjAxMFwvMDZcL0d1bmRlbC1HYVx1MDBlMWwtV1x1MDBlOWJlci1Qb2xnXHUwMGUxci0yLmpwZyIsInNsaWRlc2hvdyI6IjM5Y2QzNTYifQ%3D%3D\" href='https:\/\/evapolgar.com\/wp-content\/uploads\/2010\/06\/Gundel-Ga\u00e1l-W\u00e9ber-Polg\u00e1r-2.jpg'><img loading=\"lazy\" decoding=\"async\" width=\"150\" height=\"150\" src=\"https:\/\/evapolgar.com\/wp-content\/uploads\/2010\/06\/Gundel-Ga\u00e1l-W\u00e9ber-Polg\u00e1r-2-150x150.jpg\" class=\"attachment-thumbnail size-thumbnail\" alt=\"\" \/><\/a>\n\t\t\t<\/div><\/figure><figure class='gallery-item'>\n\t\t\t<div class='gallery-icon landscape'>\n\t\t\t\t<a data-elementor-open-lightbox=\"yes\" data-elementor-lightbox-slideshow=\"39cd356\" data-elementor-lightbox-title=\"Brueghel Variations\" data-e-action-hash=\"#elementor-action%3Aaction%3Dlightbox%26settings%3DeyJpZCI6MTUyLCJ1cmwiOiJodHRwczpcL1wvZXZhcG9sZ2FyLmNvbVwvd3AtY29udGVudFwvdXBsb2Fkc1wvMjAxMFwvMDZcL0JydWVnaGVsLTA1NC5qcGciLCJzbGlkZXNob3ciOiIzOWNkMzU2In0%3D\" href='https:\/\/evapolgar.com\/wp-content\/uploads\/2010\/06\/Brueghel-054.jpg'><img loading=\"lazy\" decoding=\"async\" width=\"150\" height=\"150\" src=\"https:\/\/evapolgar.com\/wp-content\/uploads\/2010\/06\/Brueghel-054-150x150.jpg\" class=\"attachment-thumbnail size-thumbnail\" alt=\"\" \/><\/a>\n\t\t\t<\/div><\/figure><figure class='gallery-item'>\n\t\t\t<div class='gallery-icon landscape'>\n\t\t\t\t<a data-elementor-open-lightbox=\"yes\" data-elementor-lightbox-slideshow=\"39cd356\" data-elementor-lightbox-title=\"Brueghel Variations\" data-e-action-hash=\"#elementor-action%3Aaction%3Dlightbox%26settings%3DeyJpZCI6MTUzLCJ1cmwiOiJodHRwczpcL1wvZXZhcG9sZ2FyLmNvbVwvd3AtY29udGVudFwvdXBsb2Fkc1wvMjAxMFwvMDZcL0JydWVnaGVsLTA2Ny5qcGciLCJzbGlkZXNob3ciOiIzOWNkMzU2In0%3D\" href='https:\/\/evapolgar.com\/wp-content\/uploads\/2010\/06\/Brueghel-067.jpg'><img loading=\"lazy\" decoding=\"async\" width=\"150\" height=\"150\" src=\"https:\/\/evapolgar.com\/wp-content\/uploads\/2010\/06\/Brueghel-067-150x150.jpg\" class=\"attachment-thumbnail size-thumbnail\" alt=\"\" \/><\/a>\n\t\t\t<\/div><\/figure><figure class='gallery-item'>\n\t\t\t<div class='gallery-icon landscape'>\n\t\t\t\t<a data-elementor-open-lightbox=\"yes\" data-elementor-lightbox-slideshow=\"39cd356\" data-elementor-lightbox-title=\"Brueghel Variations\" data-e-action-hash=\"#elementor-action%3Aaction%3Dlightbox%26settings%3DeyJpZCI6MTU0LCJ1cmwiOiJodHRwczpcL1wvZXZhcG9sZ2FyLmNvbVwvd3AtY29udGVudFwvdXBsb2Fkc1wvMjAxMFwvMDZcL0JydWVnaGVsLTA4NS12LmpwZyIsInNsaWRlc2hvdyI6IjM5Y2QzNTYifQ%3D%3D\" href='https:\/\/evapolgar.com\/wp-content\/uploads\/2010\/06\/Brueghel-085-v.jpg'><img loading=\"lazy\" decoding=\"async\" width=\"150\" height=\"150\" src=\"https:\/\/evapolgar.com\/wp-content\/uploads\/2010\/06\/Brueghel-085-v-150x150.jpg\" class=\"attachment-thumbnail size-thumbnail\" alt=\"\" \/><\/a>\n\t\t\t<\/div><\/figure><figure class='gallery-item'>\n\t\t\t<div class='gallery-icon portrait'>\n\t\t\t\t<a data-elementor-open-lightbox=\"yes\" data-elementor-lightbox-slideshow=\"39cd356\" data-elementor-lightbox-title=\"Brueghel Variations\" data-e-action-hash=\"#elementor-action%3Aaction%3Dlightbox%26settings%3DeyJpZCI6MTU1LCJ1cmwiOiJodHRwczpcL1wvZXZhcG9sZ2FyLmNvbVwvd3AtY29udGVudFwvdXBsb2Fkc1wvMjAxMFwvMDZcL0JydWVnaGVsLTEzOS12LmpwZyIsInNsaWRlc2hvdyI6IjM5Y2QzNTYifQ%3D%3D\" href='https:\/\/evapolgar.com\/wp-content\/uploads\/2010\/06\/Brueghel-139-v.jpg'><img loading=\"lazy\" decoding=\"async\" width=\"150\" height=\"150\" src=\"https:\/\/evapolgar.com\/wp-content\/uploads\/2010\/06\/Brueghel-139-v-150x150.jpg\" class=\"attachment-thumbnail size-thumbnail\" alt=\"\" srcset=\"https:\/\/evapolgar.com\/wp-content\/uploads\/2010\/06\/Brueghel-139-v-150x150.jpg 150w, https:\/\/evapolgar.com\/wp-content\/uploads\/2010\/06\/Brueghel-139-v-11x12.jpg 11w\" sizes=\"(max-width: 150px) 100vw, 150px\" \/><\/a>\n\t\t\t<\/div><\/figure><figure class='gallery-item'>\n\t\t\t<div class='gallery-icon landscape'>\n\t\t\t\t<a data-elementor-open-lightbox=\"yes\" data-elementor-lightbox-slideshow=\"39cd356\" data-elementor-lightbox-title=\"Brueghel Variations\" data-e-action-hash=\"#elementor-action%3Aaction%3Dlightbox%26settings%3DeyJpZCI6MTU2LCJ1cmwiOiJodHRwczpcL1wvZXZhcG9sZ2FyLmNvbVwvd3AtY29udGVudFwvdXBsb2Fkc1wvMjAxMFwvMDZcL0JydWVnaGVsLTE0Ny5qcGciLCJzbGlkZXNob3ciOiIzOWNkMzU2In0%3D\" href='https:\/\/evapolgar.com\/wp-content\/uploads\/2010\/06\/Brueghel-147.jpg'><img loading=\"lazy\" decoding=\"async\" width=\"150\" height=\"150\" src=\"https:\/\/evapolgar.com\/wp-content\/uploads\/2010\/06\/Brueghel-147-150x150.jpg\" class=\"attachment-thumbnail size-thumbnail\" alt=\"\" \/><\/a>\n\t\t\t<\/div><\/figure><figure class='gallery-item'>\n\t\t\t<div class='gallery-icon landscape'>\n\t\t\t\t<a data-elementor-open-lightbox=\"yes\" data-elementor-lightbox-slideshow=\"39cd356\" data-elementor-lightbox-title=\"charity concert for kids living with scholiosis\" data-e-action-hash=\"#elementor-action%3Aaction%3Dlightbox%26settings%3DeyJpZCI6MTQwLCJ1cmwiOiJodHRwczpcL1wvZXZhcG9sZ2FyLmNvbVwvd3AtY29udGVudFwvdXBsb2Fkc1wvMjAxMFwvMDZcLzIwMDYubVx1MDBlMWouMTIualx1MDBmM3Rrb255c1x1MDBlMWdpLWtvbmNlcnQtYS1nZXJpbmNmZXJkXHUwMGZjbFx1MDBlOXNlcy1neWVyZWtla1x1MDBlOS5qcGciLCJzbGlkZXNob3ciOiIzOWNkMzU2In0%3D\" href='https:\/\/evapolgar.com\/wp-content\/uploads\/2010\/06\/2006.m\u00e1j.12.j\u00f3tkonys\u00e1gi-koncert-a-gerincferd\u00fcl\u00e9ses-gyerekek\u00e9.jpg'><img loading=\"lazy\" decoding=\"async\" width=\"150\" height=\"150\" src=\"https:\/\/evapolgar.com\/wp-content\/uploads\/2010\/06\/2006.m\u00e1j.12.j\u00f3tkonys\u00e1gi-koncert-a-gerincferd\u00fcl\u00e9ses-gyerekek\u00e9-150x150.jpg\" class=\"attachment-thumbnail size-thumbnail\" alt=\"12.06.2006, N\u00e1dor Hall, Budapest\" \/><\/a>\n\t\t\t<\/div><\/figure><figure class='gallery-item'>\n\t\t\t<div class='gallery-icon landscape'>\n\t\t\t\t<a data-elementor-open-lightbox=\"yes\" data-elementor-lightbox-slideshow=\"39cd356\" data-elementor-lightbox-title=\"046\" data-e-action-hash=\"#elementor-action%3Aaction%3Dlightbox%26settings%3DeyJpZCI6MTM4LCJ1cmwiOiJodHRwczpcL1wvZXZhcG9sZ2FyLmNvbVwvd3AtY29udGVudFwvdXBsb2Fkc1wvMjAxMFwvMDZcLzA0Ni1zY2FsZWQuanBnIiwic2xpZGVzaG93IjoiMzljZDM1NiJ9\" href='https:\/\/evapolgar.com\/wp-content\/uploads\/2010\/06\/046-scaled.jpg'><img loading=\"lazy\" decoding=\"async\" width=\"150\" height=\"150\" src=\"https:\/\/evapolgar.com\/wp-content\/uploads\/2010\/06\/046-150x150.jpg\" class=\"attachment-thumbnail size-thumbnail\" alt=\"\" \/><\/a>\n\t\t\t<\/div><\/figure><figure class='gallery-item'>\n\t\t\t<div class='gallery-icon landscape'>\n\t\t\t\t<a data-elementor-open-lightbox=\"yes\" data-elementor-lightbox-slideshow=\"39cd356\" data-elementor-lightbox-title=\"038\" data-e-action-hash=\"#elementor-action%3Aaction%3Dlightbox%26settings%3DeyJpZCI6MTM3LCJ1cmwiOiJodHRwczpcL1wvZXZhcG9sZ2FyLmNvbVwvd3AtY29udGVudFwvdXBsb2Fkc1wvMjAxMFwvMDZcLzAzOC1zY2FsZWQuanBnIiwic2xpZGVzaG93IjoiMzljZDM1NiJ9\" href='https:\/\/evapolgar.com\/wp-content\/uploads\/2010\/06\/038-scaled.jpg'><img loading=\"lazy\" decoding=\"async\" width=\"150\" height=\"150\" src=\"https:\/\/evapolgar.com\/wp-content\/uploads\/2010\/06\/038-150x150.jpg\" class=\"attachment-thumbnail size-thumbnail\" alt=\"\" \/><\/a>\n\t\t\t<\/div><\/figure><figure class='gallery-item'>\n\t\t\t<div class='gallery-icon landscape'>\n\t\t\t\t<a data-elementor-open-lightbox=\"yes\" data-elementor-lightbox-slideshow=\"39cd356\" data-elementor-lightbox-title=\"Bishop&#039;s Palace, V\u00e1c, 2009 September\" data-e-action-hash=\"#elementor-action%3Aaction%3Dlightbox%26settings%3DeyJpZCI6MTM2LCJ1cmwiOiJodHRwczpcL1wvZXZhcG9sZ2FyLmNvbVwvd3AtY29udGVudFwvdXBsb2Fkc1wvMjAxMFwvMDZcLzA0OS1zY2FsZWQuanBnIiwic2xpZGVzaG93IjoiMzljZDM1NiJ9\" href='https:\/\/evapolgar.com\/wp-content\/uploads\/2010\/06\/049-scaled.jpg'><img loading=\"lazy\" decoding=\"async\" width=\"150\" height=\"150\" src=\"https:\/\/evapolgar.com\/wp-content\/uploads\/2010\/06\/049-150x150.jpg\" class=\"attachment-thumbnail size-thumbnail\" alt=\"J\u00falia He\u00e9ger soprano, \u00c9va Polg\u00e1r piano\" \/><\/a>\n\t\t\t<\/div><\/figure><figure class='gallery-item'>\n\t\t\t<div class='gallery-icon landscape'>\n\t\t\t\t<a data-elementor-open-lightbox=\"yes\" data-elementor-lightbox-slideshow=\"39cd356\" data-elementor-lightbox-title=\"Old Music Academy, 14.10.2010, Bruno Perrault and Eva\" data-e-action-hash=\"#elementor-action%3Aaction%3Dlightbox%26settings%3DeyJpZCI6MjQzLCJ1cmwiOiJodHRwczpcL1wvZXZhcG9sZ2FyLmNvbVwvd3AtY29udGVudFwvdXBsb2Fkc1wvMjAxMFwvMDZcL09sZC1NdXNpYy1BY2FkZW15LTE0LjEwLjIwMTAtQnJ1bm8tUGVycmF1bHQtYW5kLUV2YS1zY2FsZWQuanBnIiwic2xpZGVzaG93IjoiMzljZDM1NiJ9\" href='https:\/\/evapolgar.com\/wp-content\/uploads\/2010\/06\/Old-Music-Academy-14.10.2010-Bruno-Perrault-and-Eva-scaled.jpg'><img loading=\"lazy\" decoding=\"async\" width=\"150\" height=\"150\" src=\"https:\/\/evapolgar.com\/wp-content\/uploads\/2010\/06\/Old-Music-Academy-14.10.2010-Bruno-Perrault-and-Eva-150x150.jpg\" class=\"attachment-thumbnail size-thumbnail\" alt=\"\" \/><\/a>\n\t\t\t<\/div><\/figure><figure class='gallery-item'>\n\t\t\t<div class='gallery-icon landscape'>\n\t\t\t\t<a data-elementor-open-lightbox=\"yes\" data-elementor-lightbox-slideshow=\"39cd356\" data-elementor-lightbox-title=\"Brueghel Variations\" data-e-action-hash=\"#elementor-action%3Aaction%3Dlightbox%26settings%3DeyJpZCI6MTU3LCJ1cmwiOiJodHRwczpcL1wvZXZhcG9sZ2FyLmNvbVwvd3AtY29udGVudFwvdXBsb2Fkc1wvMjAxMFwvMDZcL0JydWVnaGVsLTE1NS12di5qcGciLCJzbGlkZXNob3ciOiIzOWNkMzU2In0%3D\" href='https:\/\/evapolgar.com\/wp-content\/uploads\/2010\/06\/Brueghel-155-vv.jpg'><img loading=\"lazy\" decoding=\"async\" width=\"150\" height=\"150\" src=\"https:\/\/evapolgar.com\/wp-content\/uploads\/2010\/06\/Brueghel-155-vv-150x150.jpg\" class=\"attachment-thumbnail size-thumbnail\" alt=\"\" \/><\/a>\n\t\t\t<\/div><\/figure>\n\t\t<\/div>\n\t\t<\/div>\n\t\t\t\t\t\t<\/div>\n\t\t\t\t<\/div>\n\t\t\t\t\t<\/div>\n\t\t<\/div>\n\t\t\t\t\t<\/div>\n\t\t<\/section>\n\t\t\t\t<\/div>","protected":false},"excerpt":{"rendered":"<p>Gallery \u2022 Headshots Concerts<\/p>","protected":false},"author":10,"featured_media":0,"parent":0,"menu_order":0,"comment_status":"closed","ping_status":"closed","template":"","meta":{"site-sidebar-layout":"default","site-content-layout":"default","ast-site-content-layout":"","site-content-style":"default","site-sidebar-style":"default","ast-global-header-display":"","ast-banner-title-visibility":"","ast-main-header-display":"","ast-hfb-above-header-display":"","ast-hfb-below-header-display":"","ast-hfb-mobile-header-display":"","site-post-title":"disabled","ast-breadcrumbs-content":"","ast-featured-img":"disabled","footer-sml-layout":"","theme-transparent-header-meta":"default","adv-header-id-meta":"","stick-header-meta":"","header-above-stick-meta":"","header-main-stick-meta":"","header-below-stick-meta":"","astra-migrate-meta-layouts":"default","ast-page-background-enabled":"default","ast-page-background-meta":{"desktop":{"background-color":"var(--ast-global-color-4)","background-image":"","background-repeat":"repeat","background-position":"center center","background-size":"auto","background-attachment":"scroll","background-type":"","background-media":"","overlay-type":"","overlay-color":"","overlay-gradient":""},"tablet":{"background-color":"","background-image":"","background-repeat":"repeat","background-position":"center center","background-size":"auto","background-attachment":"scroll","background-type":"","background-media":"","overlay-type":"","overlay-color":"","overlay-gradient":""},"mobile":{"background-color":"","background-image":"","background-repeat":"repeat","background-position":"center center","background-size":"auto","background-attachment":"scroll","background-type":"","background-media":"","overlay-type":"","overlay-color":"","overlay-gradient":""}},"ast-content-background-meta":{"desktop":{"background-color":"var(--ast-global-color-5)","background-image":"","background-repeat":"repeat","background-position":"center center","background-size":"auto","background-attachment":"scroll","background-type":"","background-media":"","overlay-type":"","overlay-color":"","overlay-gradient":""},"tablet":{"background-color":"var(--ast-global-color-5)","background-image":"","background-repeat":"repeat","background-position":"center center","background-size":"auto","background-attachment":"scroll","background-type":"","background-media":"","overlay-type":"","overlay-color":"","overlay-gradient":""},"mobile":{"background-color":"var(--ast-global-color-5)","background-image":"","background-repeat":"repeat","background-position":"center center","background-size":"auto","background-attachment":"scroll","background-type":"","background-media":"","overlay-type":"","overlay-color":"","overlay-gradient":""}},"footnotes":"","_links_to":"","_links_to_target":""},"class_list":["post-986","page","type-page","status-publish","hentry"],"_links":{"self":[{"href":"https:\/\/evapolgar.com\/hu\/wp-json\/wp\/v2\/pages\/986","targetHints":{"allow":["GET"]}}],"collection":[{"href":"https:\/\/evapolgar.com\/hu\/wp-json\/wp\/v2\/pages"}],"about":[{"href":"https:\/\/evapolgar.com\/hu\/wp-json\/wp\/v2\/types\/page"}],"author":[{"embeddable":true,"href":"https:\/\/evapolgar.com\/hu\/wp-json\/wp\/v2\/users\/10"}],"replies":[{"embeddable":true,"href":"https:\/\/evapolgar.com\/hu\/wp-json\/wp\/v2\/comments?post=986"}],"version-history":[{"count":15,"href":"https:\/\/evapolgar.com\/hu\/wp-json\/wp\/v2\/pages\/986\/revisions"}],"predecessor-version":[{"id":9494,"href":"https:\/\/evapolgar.com\/hu\/wp-json\/wp\/v2\/pages\/986\/revisions\/9494"}],"wp:attachment":[{"href":"https:\/\/evapolgar.com\/hu\/wp-json\/wp\/v2\/media?parent=986"}],"curies":[{"name":"wp","href":"https:\/\/api.w.org\/{rel}","templated":true}]}}